{"id":494,"date":"2019-02-07T18:29:26","date_gmt":"2019-02-07T18:29:26","guid":{"rendered":"https:\/\/www.osellasrl.it\/?page_id=494"},"modified":"2019-07-02T16:39:12","modified_gmt":"2019-07-02T16:39:12","slug":"cookie-policy","status":"publish","type":"page","link":"https:\/\/www.osellasrl.it\/fr\/cookie-policy\/","title":{"rendered":"Cookie policy"},"content":{"rendered":"<h4>NOTA INFORMATIVA COOKIES TECNICI E DI SESSIONE<\/h4>\n<p>La disciplina relativa all&rsquo;uso dei c.d. \u00ab\u00a0cookie\u00a0\u00bb e di altri strumenti analoghi (web beacon\/web bug, clear GIF, ecc.) nei terminali (personal computer, notebook, tablet pc, smartphone, ecc.) utilizzati dagli utenti, \u00e8 stata recentemente modificata a seguito dell&rsquo;attuazione della <a href=\"https:\/\/www.garanteprivacy.it\/web\/guest\/home\/docweb\/-\/docweb-display\/docweb\/1798132\" target=\"_blank\" rel=\"noopener noreferrer\">direttiva 2009\/136<\/a> che ha modificato la direttiva \u00ab\u00a0e-Privacy\u00a0\u00bb (<a href=\"https:\/\/www.garanteprivacy.it\/web\/guest\/home\/docweb\/-\/docweb-display\/docweb\/35284\" target=\"_blank\" rel=\"noopener noreferrer\">2002\/58\/CE<\/a>) e del provvedimento \u201cIndividuazione delle modalit\u00e0 semplificate per l&rsquo;informativa e l&rsquo;acquisizione del consenso per l&rsquo;uso dei cookie &#8211; 8 maggio 2014\u201d.<\/p>\n<p>I cookie sono piccoli file di testo che inviano al suo terminale (solitamente al browser), dove vengono memorizzati per essere poi ritrasmessi agli stessi siti alla successiva visita del medesimo utente. I cookie sono usati per eseguire autenticazioni informatiche, monitoraggio di sessioni e memorizzazione di informazioni specifiche riguardanti gli utenti che accedono al server e di norma sono presenti nel browser di ciascun utente in numero molto elevato.<\/p>\n<p>&nbsp;<\/p>\n<p><strong>I cookie presenti su questo dominio:<\/strong><\/p>\n<p style=\"padding-left: 30px;\">\u00b7 Consentono di navigare in modo efficiente da una pagina all&rsquo;altra del sito web.<\/p>\n<p style=\"padding-left: 30px;\">\u00b7 Memorizzano il nome utente e le preferenze inserite.<\/p>\n<p style=\"padding-left: 30px;\">\u00b7 Consentono di evitare di inserire le stesse informazioni (come nome utente e password) pi\u00f9 volte durante e la visita.<\/p>\n<p style=\"padding-left: 30px;\">\u00b7 Misurano l&rsquo;utilizzo dei servizi da parte degli Utenti, per ottimizzare l&rsquo;esperienza di navigazione e i servizi stessi.<\/p>\n<p style=\"padding-left: 30px;\">\u00b7 Presentano informazioni pubblicitarie mirate in funzione degli interessi e del comportamento manifestato dall&rsquo;Utente durante la navigazione.<\/p>\n<p><strong><br \/>\nQueste funzionalit\u00e0 sono suddivise in diverse categorie:<\/strong><\/p>\n<p style=\"padding-left: 30px;\">1. Cookie tecnici<\/p>\n<p style=\"padding-left: 30px;\">2. Cookie analitici<\/p>\n<p>&nbsp;<\/p>\n<p><strong>Qui di seguito sono riportati i tipi di cookie utilizzati nel sito:<\/strong><\/p>\n<p style=\"padding-left: 30px;\"><strong>1. Cookie tecnici<\/strong><\/p>\n<p>Sono necessari per il corretto funzionamento di alcune aree del sito e comprendono i cookie persistenti e i cookie di sessione. In assenza di tali cookie, il sito o alcune porzioni di esso potrebbero non funzionare correttamente. Pertanto, vengono sempre utilizzati, indipendentemente dalle preferenze dall&rsquo;utente.<\/p>\n<p style=\"padding-left: 30px;\"><strong>2. Cookie analitici<\/strong><\/p>\n<p>Vengono utilizzati per raccogliere informazioni sull&rsquo;utilizzo del sito. Il Titolare usa tali informazioni per analisi statistiche, per migliorare il sito e semplificarne l\u2019utilizzo, oltre che monitorarne il corretto funzionamento.<\/p>\n<p>Questi tipi di cookie raccolgono informazioni in maniera aggregata e anonima sull\u2019attivit\u00e0 degli utenti. Tali cookie sono installati direttamente dal titolare e poich\u00e9 vengono utilizzati per scopi funzionali e di analisi (\u201ccookie analytics\u201d) la loro installazione non richiede il consenso espresso ma solamente la comunicazione dell\u2019esistenza di tali strumenti.<\/p>\n<p>&nbsp;<\/p>\n<p><strong>Elenco dei sistemi utilizzati:<\/strong><\/p>\n<p>\u25cf Google Analytics: per maggiori informazioni si rimanda alla <a href=\"https:\/\/support.google.com\/analytics\/answer\/6004245\" target=\"_blank\" rel=\"noopener noreferrer\">privacy policy<\/a> dello strumento.<\/p>\n<p>&nbsp;<\/p>\n<h4>Diritti dell\u2019interessato<\/h4>\n<p><strong>Come disabilitare i cookie tecnici e analitici?<\/strong><\/p>\n<p>Si ribadisce che per questa tipologia di cookie il consenso non deve essere esplicito. Possono essere bloccati come indicato nei paragrafi seguenti ma questa operazione potrebbe impedire di utilizzare alcune parti del sito.<\/p>\n<p>Ai sensi dell\u2019art.12 e seguenti del G.D.P.R ci si pu\u00f2 opporre al salvataggio di questa tipologia di cookie nei modi seguenti.<\/p>\n<p>Le modalit\u00e0 di funzionamento nonch\u00e9 le opzioni per limitare o bloccare i cookie, possono essere regolate modificando le impostazioni del proprio browser internet.<\/p>\n<p>La maggioranza dei browser Internet sono inizialmente impostati per accettare i cookie in modo automatico, l\u2019utente pu\u00f2 tuttavia modificare queste impostazioni per bloccare i cookie o per essere avvertito ogniqualvolta dei cookie vengano inviati al suo dispositivo.<\/p>\n<p>Esistono diversi modi per gestire i cookie, a tal fine occorre fare riferimento al manuale di istruzioni o alla schermata di aiuto del proprio browser per verificare come regolare o modificare le impostazioni dello stesso.<\/p>\n<p><strong>L\u2019utente \u00e8 abilitato, infatti, a modificare la configurazione predefinita e disabilitare i cookie (cio\u00e8 bloccarli in via definitiva), impostando il livello di protezione pi\u00f9 elevato. Qui sotto il percorso da seguire per gestire i cookie dai seguenti browser:<\/strong><\/p>\n<p>Se l\u2019utente usa dispositivi diversi tra loro per visualizzare e accedere ai Siti (per esempio, computer, smartphone, tablet, ecc.), deve assicurarsi che ciascun browser su ciascun dispositivo sia regolato per riflettere le proprie preferenze relative ai cookie. Per eliminare i cookie dal browser Internet del proprio smartphone\/tablet \u00e8 necessario fare riferimento al manuale d\u2019uso del dispositivo.<\/p>\n<p>&nbsp;<\/p>\n<p style=\"padding-left: 30px;\">\u25cb <a href=\"https:\/\/support.microsoft.com\/it-it\/help\/17442\/windows-internet-explorer-delete-manage-cookies\" target=\"_blank\" rel=\"noopener noreferrer\">Internet Explorer<\/a><\/p>\n<p style=\"padding-left: 30px;\">\u25cb <a href=\"https:\/\/support.apple.com\/it-it\/HT201265\" target=\"_blank\" rel=\"noopener noreferrer\">Safari<\/a><\/p>\n<p style=\"padding-left: 30px;\">\u25cb <a href=\"https:\/\/support.google.com\/chrome\/answer\/95647?hl=it-IT&amp;hlrm=fr&amp;hlrm=en\" target=\"_blank\" rel=\"noopener noreferrer\">Chrome<\/a><\/p>\n<p style=\"padding-left: 30px;\">\u25cb <a href=\"http:\/\/support.mozilla.org\/it-IT\/kb\/enable-and-disable-cookies-website-preferences\" target=\"_blank\" rel=\"noopener noreferrer\">Firefox<\/a><\/p>\n<p style=\"padding-left: 30px;\">\u25cb <a href=\"http:\/\/support.mozilla.org\/it-IT\/kb\/enable-and-disable-cookies-website-preferences\" target=\"_blank\" rel=\"noopener noreferrer\">Gestione preferenze annunci<\/a><\/p>\n<p style=\"padding-left: 30px;\">\u25cb <a href=\"http:\/\/optout.networkadvertising.org\/?c=1\" target=\"_blank\" rel=\"noopener noreferrer\">Norme per la disattivazione della Behavioral Advertising<\/a><\/p>\n<p style=\"padding-left: 30px;\">\u25cb <a href=\"https:\/\/tools.google.com\/dlpage\/gaoptout\/\" target=\"_blank\" rel=\"noopener noreferrer\">Add-on per disattivare Google Analytics<\/a><\/p>\n<p>&nbsp;<\/p>\n<hr \/>\n<p>&nbsp;<\/p>\n<h4><\/h4>\n<h4>INDICAZIONI TECNICHE DEL GARANTE<\/h4>\n<p><a href=\"http:\/\/www.garanteprivacy.it\/web\/guest\/home\/docweb\/-\/docweb-display\/docweb\/3585077\" target=\"_blank\" rel=\"noopener noreferrer\"><strong>Informativa e consenso per l&rsquo;uso dei cookie<\/strong><\/a><\/p>\n<p>&nbsp;<\/p>\n<h4>Domande pi\u00f9 frequenti<\/h4>\n<p>&nbsp;<\/p>\n<p style=\"padding-left: 30px;\"><strong>1. Cosa sono i cookie?<\/strong><\/p>\n<p>I cookie sono piccoli file di testo che i siti visitati dagli utenti inviano ai loro terminali, ove vengono memorizzati per essere poi ritrasmessi agli stessi siti alla visita successiva. I cookie delle c.d. \u00ab\u00a0terze parti\u00a0\u00bb vengono, invece, impostati da un sito web diverso da quello che l&rsquo;utente sta visitando. Questo perch\u00e9 su ogni sito possono essere presenti elementi (immagini, mappe, suoni, specifici link a pagine web di altri domini, ecc.) che risiedono su server diversi da quello del sito visitato.<\/p>\n<p>&nbsp;<\/p>\n<p style=\"padding-left: 30px;\"><strong>2. A cosa servono i cookie?<\/strong><\/p>\n<p>I cookie sono usati per differenti finalit\u00e0: esecuzione di autenticazioni informatiche, monitoraggio di sessioni, memorizzazione di informazioni su specifiche configurazioni riguardanti gli utenti che accedono al server, memorizzazione delle preferenze, ecc.<\/p>\n<p>&nbsp;<\/p>\n<p style=\"padding-left: 30px;\"><strong>3. Cosa sono i cookie \u00ab\u00a0tecnici\u00a0\u00bb?<\/strong><\/p>\n<p>Sono i cookie che servono a effettuare la navigazione o a fornire un servizio richiesto dall&rsquo;utente. Non vengono utilizzati per scopi ulteriori e sono normalmente installati direttamente dal titolare del sito web.<\/p>\n<p>Senza il ricorso a tali cookie, alcune operazioni non potrebbero essere compiute o sarebbero pi\u00f9 complesse e\/o meno sicure, come ad esempio le attivit\u00e0 di home banking (visualizzazione dell&rsquo;estratto conto, bonifici, pagamento di bollette, ecc.), per le quali i cookie, che consentono di effettuare e mantenere l&rsquo;identificazione dell&rsquo;utente nell&rsquo;ambito della sessione, risultano indispensabili.<\/p>\n<p>&nbsp;<\/p>\n<p style=\"padding-left: 30px;\"><strong>4. I cookie analytics sono cookie \u00ab\u00a0tecnici\u00a0\u00bb?<\/strong><\/p>\n<p>No. Il Garante (cfr. provvedimento dell&rsquo;8 maggio 2014) ha precisato che possono essere assimilati ai cookie tecnici soltanto se utilizzati a fini di ottimizzazione del sito direttamente dal titolare del sito stesso, che potr\u00e0 raccogliere informazioni in forma aggregata sul numero degli utenti e su come questi visitano il sito. A queste condizioni, per i cookie analytics valgono le stesse regole, in tema di informativa e consenso, previste per i cookie tecnici.<\/p>\n<p>&nbsp;<\/p>\n<p style=\"padding-left: 30px;\"><strong>5. Cosa sono i cookie \u00ab\u00a0di profilazione\u00a0\u00bb?<\/strong><\/p>\n<p>Sono i cookie utilizzati per tracciare la navigazione dell&rsquo;utente in rete e creare profili sui suoi gusti, abitudini, scelte, ecc. Con questi cookie possono essere trasmessi al terminale dell&rsquo;utente messaggi pubblicitari in linea con le preferenze gi\u00e0 manifestate dallo stesso utente nella navigazione online.<\/p>\n<p>&nbsp;<\/p>\n<p style=\"padding-left: 30px;\"><strong>6. \u00c8 necessario il consenso dell&rsquo;utente per l&rsquo;installazione dei cookie sul suo terminale?<\/strong><\/p>\n<p>Dipende dalle finalit\u00e0 per le quali i cookie vengono usati e, quindi, se sono cookie \u00ab\u00a0tecnici\u00a0\u00bb o di \u00ab\u00a0profilazione\u00a0\u00bb.<\/p>\n<p>Per l&rsquo;installazione dei cookie tecnici non \u00e8 richiesto il consenso degli utenti, mentre \u00e8 necessario dare l&rsquo;informativa (art. 13 del Codice privacy). I cookie di profilazione, invece, possono essere installati sul terminale dell&rsquo;utente soltanto se questo abbia espresso il proprio consenso dopo essere stato informato con modalit\u00e0 semplificate.<\/p>\n<p>&nbsp;<\/p>\n<p style=\"padding-left: 30px;\"><strong>7. In che modo il titolare del sito deve fornire l&rsquo;informativa semplificata e richiedere il consenso all&rsquo;uso dei cookie di profilazione?<\/strong><\/p>\n<p>Come stabilito dal Garante nel provvedimento indicato alla domanda n. 4, l&rsquo;informativa va impostata su due livelli.<\/p>\n<p>Nel momento in cui l&rsquo;utente accede a un sito web (sulla home page o su qualunque altra pagina), deve immediatamente comparire un banner contenente una prima informativa \u00ab\u00a0breve\u00a0\u00bb, la richiesta di consenso all&rsquo;uso dei cookie e un link per accedere ad un&rsquo;informativa pi\u00f9 \u00ab\u00a0estesa\u00a0\u00bb. In questa pagina, l&rsquo;utente potr\u00e0 reperire maggiori e pi\u00f9 dettagliate informazioni sui cookie scegliere quali specifici cookie autorizzare.<\/p>\n<p>&nbsp;<\/p>\n<p style=\"padding-left: 30px;\"><strong>8. Come deve essere realizzato il banner?<\/strong><\/p>\n<p>Il banner deve avere dimensioni tali da coprire in parte il contenuto della pagina web che l&rsquo;utente sta visitando. Deve poter essere eliminato soltanto tramite un intervento attivo dell&rsquo;utente, ossia attraverso la selezione di un elemento contenuto nella pagina sottostante.<\/p>\n<p>&nbsp;<\/p>\n<p style=\"padding-left: 30px;\"><strong>9. Quali indicazioni deve contenere il banner?<\/strong><\/p>\n<p>Il banner deve specificare che il sito utilizza cookie di profilazione, eventualmente anche di \u00ab\u00a0terze parti\u00a0\u00bb, che consentono di inviare messaggi pubblicitari in linea con le preferenze dell&rsquo;utente.<\/p>\n<p>Deve contenere il link all&rsquo;informativa estesa e l&rsquo;indicazione che, tramite quel link, \u00e8 possibile negare il consenso all&rsquo;installazione di qualunque cookie.<\/p>\n<p>Deve precisare che se l&rsquo;utente sceglie di proseguire \u00ab\u00a0saltando\u00a0\u00bb il banner, acconsente all&rsquo;uso dei cookie.<\/p>\n<p>&nbsp;<\/p>\n<p style=\"padding-left: 30px;\"><strong>10. In che modo pu\u00f2 essere documentata l&rsquo;acquisizione del consenso effettuata tramite l&rsquo;uso del banner?<\/strong><\/p>\n<p>Per tenere traccia del consenso acquisito, il titolare del sito pu\u00f2 avvalersi di un apposito cookie tecnico, sistema non particolarmente invasivo e che non richiede a sua volta un ulteriore consenso.<\/p>\n<p>In presenza di tale \u00ab\u00a0documentazione\u00a0\u00bb, non \u00e8 necessario che l&rsquo;informativa breve sia riproposta alla seconda visita dell&rsquo;utente sul sito, ferma restando la possibilit\u00e0 per quest&rsquo;ultimo di negare il consenso e\/o modificare, in ogni momento e in maniera agevole, le proprie opzioni, ad esempio tramite accesso all&rsquo;informativa estesa, che deve essere quindi linkabile da ogni pagina del sito.<\/p>\n<p>&nbsp;<\/p>\n<p style=\"padding-left: 30px;\"><strong>11. Il consenso online all&rsquo;uso dei cookie pu\u00f2 essere chiesto solo tramite l&rsquo;uso del banner?<\/strong><\/p>\n<p>No. I titolari dei siti hanno sempre la possibilit\u00e0 di ricorrere a modalit\u00e0 diverse da quella individuata dal Garante nel provvedimento sopra indicato, purch\u00e9 le modalit\u00e0 prescelte presentino tutti i requisiti di validit\u00e0 del consenso richiesti dalla legge.<\/p>\n<p>&nbsp;<\/p>\n<p style=\"padding-left: 30px;\"><strong>12. L&rsquo;obbligo di usare il banner grava anche sui titolari di siti che utilizzano solo cookie tecnici?<\/strong><\/p>\n<p>No. In questo caso, il titolare del sito pu\u00f2 dare l&rsquo;informativa agli utenti con le modalit\u00e0 che ritiene pi\u00f9 idonee, ad esempio, anche tramite l&rsquo;inserimento delle relative indicazioni nella privacy policy indicata nel sito.<\/p>\n<p>&nbsp;<\/p>\n<p style=\"padding-left: 30px;\"><strong>13. Cosa deve indicare l&rsquo;informativa \u00ab\u00a0estesa\u00a0\u00bb?<\/strong><\/p>\n<p>Deve contenere tutti gli elementi previsti dalla legge, descrivere analiticamente le caratteristiche e le finalit\u00e0 dei cookie installati dal sito e consentire all&rsquo;utente di selezionare\/deselezionare i singoli cookie.<\/p>\n<p>Deve includere il link aggiornato alle informative e ai moduli di consenso delle terze parti con le quali il titolare ha stipulato accordi per l&rsquo;installazione di cookie tramite il proprio sito.<\/p>\n<p>Deve richiamare, infine, la possibilit\u00e0 per l&rsquo;utente di manifestare le proprie opzioni sui cookie anche attraverso le impostazioni del browser utilizzato.<\/p>\n<p>&nbsp;<\/p>\n<p style=\"padding-left: 30px;\"><strong>14. Chi \u00e8 tenuto a fornire l&rsquo;informativa e a richiedere il consenso per l&rsquo;uso dei cookie?<\/strong><\/p>\n<p>Il titolare del sito web che installa cookie di profilazione.<\/p>\n<p>Per i cookie di terze parti installati tramite il sito, gli obblighi di informativa e consenso gravano sulle terze parti, ma il titolare del sito, quale intermediario tecnico tra queste e gli utenti, \u00e8 tenuto a inserire nell&rsquo;informativa \u00ab\u00a0estesa\u00a0\u00bb i link aggiornati alle informative e ai moduli di consenso delle terze parti stesse.<\/p>\n<p>&nbsp;<\/p>\n<p style=\"padding-left: 30px;\"><strong>15. L&rsquo;uso dei cookie va notificato al Garante?<\/strong><\/p>\n<p>I cookie di profilazione, che di solito permangono nel tempo, sono soggetti all&rsquo;obbligo di notificazione, mentre i cookie che hanno finalit\u00e0 diverse e che rientrano nella categoria dei cookie tecnici, non debbono essere notificati al Garante.<\/p>\n<p>&nbsp;<\/p>\n<p style=\"padding-left: 30px;\"><strong>16. Quando entrano in vigore le misure prescritte dal Garante con il provvedimento dell&rsquo;8 maggio 2014?<\/strong><\/p>\n<p>Il Garante ha previsto un periodo transitorio di un anno a decorrere dalla pubblicazione del provvedimento in Gazzetta Ufficiale per consentire ai soggetti interessati di mettersi in regola. Tale periodo terminer\u00e0 il 2 giugno 2015.<\/p>\n<p>&nbsp;<\/p>\n","protected":false},"excerpt":{"rendered":"<p>NOTA INFORMATIVA COOKIES TECNICI E DI SESSIONE La disciplina relativa all&rsquo;uso dei c.d. \u00ab\u00a0cookie\u00a0\u00bb e di altri strumenti analoghi (web beacon\/web bug, clear GIF, ecc.) nei<span class=\"excerpt-hellip\"> [\u2026]<\/span><\/p>\n","protected":false},"author":3,"featured_media":0,"parent":0,"menu_order":0,"comment_status":"closed","ping_status":"closed","template":"","meta":{"footnotes":""},"_links":{"self":[{"href":"https:\/\/www.osellasrl.it\/fr\/wp-json\/wp\/v2\/pages\/494"}],"collection":[{"href":"https:\/\/www.osellasrl.it\/fr\/wp-json\/wp\/v2\/pages"}],"about":[{"href":"https:\/\/www.osellasrl.it\/fr\/wp-json\/wp\/v2\/types\/page"}],"author":[{"embeddable":true,"href":"https:\/\/www.osellasrl.it\/fr\/wp-json\/wp\/v2\/users\/3"}],"replies":[{"embeddable":true,"href":"https:\/\/www.osellasrl.it\/fr\/wp-json\/wp\/v2\/comments?post=494"}],"version-history":[{"count":2,"href":"https:\/\/www.osellasrl.it\/fr\/wp-json\/wp\/v2\/pages\/494\/revisions"}],"predecessor-version":[{"id":498,"href":"https:\/\/www.osellasrl.it\/fr\/wp-json\/wp\/v2\/pages\/494\/revisions\/498"}],"wp:attachment":[{"href":"https:\/\/www.osellasrl.it\/fr\/wp-json\/wp\/v2\/media?parent=494"}],"curies":[{"name":"wp","href":"https:\/\/api.w.org\/{rel}","templated":true}]}}