{"id":1404,"date":"2019-09-10T17:18:47","date_gmt":"2019-09-10T17:18:47","guid":{"rendered":"https:\/\/www.osellasrl.it\/?page_id=1404"},"modified":"2019-09-12T15:52:13","modified_gmt":"2019-09-12T15:52:13","slug":"pulverisateurs-traines","status":"publish","type":"page","link":"https:\/\/www.osellasrl.it\/fr\/pulverisateurs-traines\/","title":{"rendered":"Pulv\u00e9risateurs Tra\u00een\u00e9s"},"content":{"rendered":"","protected":false},"excerpt":{"rendered":"","protected":false},"author":3,"featured_media":488,"parent":0,"menu_order":0,"comment_status":"closed","ping_status":"closed","template":"","meta":{"footnotes":""},"_links":{"self":[{"href":"https:\/\/www.osellasrl.it\/fr\/wp-json\/wp\/v2\/pages\/1404"}],"collection":[{"href":"https:\/\/www.osellasrl.it\/fr\/wp-json\/wp\/v2\/pages"}],"about":[{"href":"https:\/\/www.osellasrl.it\/fr\/wp-json\/wp\/v2\/types\/page"}],"author":[{"embeddable":true,"href":"https:\/\/www.osellasrl.it\/fr\/wp-json\/wp\/v2\/users\/3"}],"replies":[{"embeddable":true,"href":"https:\/\/www.osellasrl.it\/fr\/wp-json\/wp\/v2\/comments?post=1404"}],"version-history":[{"count":1,"href":"https:\/\/www.osellasrl.it\/fr\/wp-json\/wp\/v2\/pages\/1404\/revisions"}],"predecessor-version":[{"id":1407,"href":"https:\/\/www.osellasrl.it\/fr\/wp-json\/wp\/v2\/pages\/1404\/revisions\/1407"}],"wp:featuredmedia":[{"embeddable":true,"href":"https:\/\/www.osellasrl.it\/fr\/wp-json\/wp\/v2\/media\/488"}],"wp:attachment":[{"href":"https:\/\/www.osellasrl.it\/fr\/wp-json\/wp\/v2\/media?parent=1404"}],"curies":[{"name":"wp","href":"https:\/\/api.w.org\/{rel}","templated":true}]}}